{"id":71,"date":"2026-04-07T06:58:42","date_gmt":"2026-04-07T06:58:42","guid":{"rendered":"https:\/\/bianco.rs\/?page_id=71"},"modified":"2026-04-09T18:14:41","modified_gmt":"2026-04-09T18:14:41","slug":"naslovna","status":"publish","type":"page","link":"https:\/\/bianco.rs\/","title":{"rendered":"Naslovna"},"content":{"rendered":"<p>[et_pb_section fb_built=&#8221;1&#8243; fullwidth=&#8221;on&#8221; _builder_version=&#8221;4.27.4&#8243; _module_preset=&#8221;default&#8221; global_colors_info=&#8221;{}&#8221;][et_pb_fullwidth_code _builder_version=&#8221;4.27.4&#8243; _module_preset=&#8221;default&#8221; global_colors_info=&#8221;{}&#8221;]<\/p>\n<div class=\"bianco-features\"><!-- [et_pb_line_break_holder] -->  <!-- [et_pb_line_break_holder] -->  <\/p>\n<div class=\"feature-item\"><!-- [et_pb_line_break_holder] -->    <\/p>\n<div class=\"feature-icon\"><!-- [et_pb_line_break_holder] -->      <i class=\"fas fa-coffee\"><\/i><!-- [et_pb_line_break_holder] -->    <\/div>\n<p><!-- [et_pb_line_break_holder] -->    <\/p>\n<h4>VRHUNSKA KAFA<\/h4>\n<p><!-- [et_pb_line_break_holder] -->    <pee>Pa\u017eljivo birane italijanske me\u0161avine<\/pee><!-- [et_pb_line_break_holder] -->  <\/div>\n<p><!-- [et_pb_line_break_holder] --><!-- [et_pb_line_break_holder] -->  <\/p>\n<div class=\"feature-item\"><!-- [et_pb_line_break_holder] -->    <\/p>\n<div class=\"feature-icon\"><!-- [et_pb_line_break_holder] -->      <i class=\"fas fa-glass-whiskey\"><\/i><!-- [et_pb_line_break_holder] -->    <\/div>\n<p><!-- [et_pb_line_break_holder] -->    <\/p>\n<h4>OSVE\u017dAVAJU\u0106I NAPICI<\/h4>\n<p><!-- [et_pb_line_break_holder] -->    <pee>Limonade, kokteli i doma\u0107i specijaliteti<\/pee><!-- [et_pb_line_break_holder] -->  <\/div>\n<p><!-- [et_pb_line_break_holder] --><!-- [et_pb_line_break_holder] -->  <\/p>\n<div class=\"feature-item\"><!-- [et_pb_line_break_holder] -->    <\/p>\n<div class=\"feature-icon\"><!-- [et_pb_line_break_holder] -->      <i class=\"fas fa-users\"><\/i><!-- [et_pb_line_break_holder] -->    <\/div>\n<p><!-- [et_pb_line_break_holder] -->    <\/p>\n<h4>PRIJATNA ATMOSFERA<\/h4>\n<p><!-- [et_pb_line_break_holder] -->    <pee>Moderan ambijent i opu\u0161taju\u0107a muzika<\/pee><!-- [et_pb_line_break_holder] -->  <\/div>\n<p><!-- [et_pb_line_break_holder] --><!-- [et_pb_line_break_holder] -->  <\/p>\n<div class=\"feature-item\"><!-- [et_pb_line_break_holder] -->    <\/p>\n<div class=\"feature-icon\"><!-- [et_pb_line_break_holder] -->      <i class=\"fas fa-map-marker-alt\"><\/i><!-- [et_pb_line_break_holder] -->    <\/div>\n<p><!-- [et_pb_line_break_holder] -->    <\/p>\n<h4>PRIJATNA LOKACIJA<\/h4>\n<p><!-- [et_pb_line_break_holder] -->    <pee>U centru grada, Njego\u0161eva 1a<\/pee><!-- [et_pb_line_break_holder] -->  <\/div>\n<p><!-- [et_pb_line_break_holder] --><!-- [et_pb_line_break_holder] --><\/div>\n<p>[\/et_pb_fullwidth_code][\/et_pb_section][et_pb_section fb_built=&#8221;1&#8243; fullwidth=&#8221;on&#8221; _builder_version=&#8221;4.27.4&#8243; _module_preset=&#8221;default&#8221; border_width_bottom=&#8221;1px&#8221; border_color_bottom=&#8221;#c59a5c&#8221; global_colors_info=&#8221;{}&#8221;][et_pb_fullwidth_code _builder_version=&#8221;4.27.4&#8243; _module_preset=&#8221;default&#8221; global_colors_info=&#8221;{}&#8221;]<\/p>\n<div class=\"bianco-about-wrap\"><!-- [et_pb_line_break_holder] --><!-- [et_pb_line_break_holder] -->  <\/p>\n<div class=\"bianco-about\"><!-- [et_pb_line_break_holder] --><!-- [et_pb_line_break_holder] -->    <\/p>\n<div class=\"about-text\"><!-- [et_pb_line_break_holder] -->      <span class=\"about-eyebrow\">O NAMA<\/span><!-- [et_pb_line_break_holder] --><!-- [et_pb_line_break_holder] -->      <\/p>\n<h2>Mesto gde dan po\u010dinje osmehom<\/h2>\n<p><!-- [et_pb_line_break_holder] --><!-- [et_pb_line_break_holder] -->      <pee><!-- [et_pb_line_break_holder] -->        Bianco je kafi\u0107 stvoren za sve koji vole kvalitetnu kafu,<!-- [et_pb_line_break_holder] -->        prijatnu atmosferu i trenutke za u\u017eivanje. Bilo da dolazite<!-- [et_pb_line_break_holder] -->        na jutarnju kafu, osve\u017eenje tokom dana ili ve\u010dernje dru\u017eenje,<!-- [et_pb_line_break_holder] -->        kod nas ste uvek dobrodo\u0161li.<!-- [et_pb_line_break_holder] -->      <\/pee><!-- [et_pb_line_break_holder] --><!-- [et_pb_line_break_holder] -->      <\/p>\n<div class=\"about-signature\">Va\u0161 Bianco tim<\/div>\n<p><!-- [et_pb_line_break_holder] --><!-- [et_pb_line_break_holder] -->      <a href=\"#\" class=\"about-btn\">SAZNAJ VI\u0160E<\/a><!-- [et_pb_line_break_holder] -->    <\/div>\n<p><!-- [et_pb_line_break_holder] --><!-- [et_pb_line_break_holder] -->    <\/p>\n<div class=\"about-image\" id=\"galleryTrigger\"><!-- [et_pb_line_break_holder] -->      <img decoding=\"async\" src=\"https:\/\/bianco.rs\/wp-content\/uploads\/2026\/04\/kaficPlaceholder.jpg\" alt=\"\"><!-- [et_pb_line_break_holder] -->    <\/div>\n<p><!-- [et_pb_line_break_holder] --><!-- [et_pb_line_break_holder] -->  <\/div>\n<p><!-- [et_pb_line_break_holder] --><!-- [et_pb_line_break_holder] --><\/div>\n<p><!-- [et_pb_line_break_holder] --><!-- [et_pb_line_break_holder] --><!-- POPUP --><!-- [et_pb_line_break_holder] --><\/p>\n<div class=\"bianco-popup\" id=\"biancoPopup\"><!-- [et_pb_line_break_holder] -->  <\/p>\n<div class=\"popup-box\"><!-- [et_pb_line_break_holder] --><!-- [et_pb_line_break_holder] -->    <span class=\"popup-close\">\u00d7<\/span><!-- [et_pb_line_break_holder] --><!-- [et_pb_line_break_holder] -->    <\/p>\n<div class=\"popup-slider\"><!-- [et_pb_line_break_holder] -->      <button class=\"nav prev\" id=\"prevBtn\">\u276e<\/button><!-- [et_pb_line_break_holder] -->      <img decoding=\"async\" id=\"popupImage\" src=\"\"><!-- [et_pb_line_break_holder] -->      <button class=\"nav next\" id=\"nextBtn\">\u276f<\/button><!-- [et_pb_line_break_holder] -->    <\/div>\n<p><!-- [et_pb_line_break_holder] --><!-- [et_pb_line_break_holder] -->  <\/div>\n<p><!-- [et_pb_line_break_holder] --><\/div>\n<p>[\/et_pb_fullwidth_code][\/et_pb_section][et_pb_section fb_built=&#8221;1&#8243; fullwidth=&#8221;on&#8221; _builder_version=&#8221;4.27.4&#8243; _module_preset=&#8221;default&#8221; border_width_bottom=&#8221;1px&#8221; border_color_bottom=&#8221;#c59a5c&#8221; global_colors_info=&#8221;{}&#8221;][et_pb_fullwidth_code _builder_version=&#8221;4.27.4&#8243; _module_preset=&#8221;default&#8221; global_colors_info=&#8221;{}&#8221;]<\/p>\n<div class=\"bianco-about-wrap\"><!-- [et_pb_line_break_holder] --><!-- [et_pb_line_break_holder] -->  <\/p>\n<div class=\"bianco-about bianco-about-reverse\"><!-- [et_pb_line_break_holder] --><!-- [et_pb_line_break_holder] -->    <\/p>\n<div class=\"about-image\" id=\"galleryTrigger2\"><!-- [et_pb_line_break_holder] -->      <img decoding=\"async\" src=\"https:\/\/bianco.rs\/wp-content\/uploads\/2026\/04\/kaficPlaceholder.jpg\" alt=\"\"><!-- [et_pb_line_break_holder] -->    <\/div>\n<p><!-- [et_pb_line_break_holder] --><!-- [et_pb_line_break_holder] -->    <\/p>\n<div class=\"about-text\"><!-- [et_pb_line_break_holder] -->      <span class=\"about-eyebrow\">O NAMA<\/span><!-- [et_pb_line_break_holder] --><!-- [et_pb_line_break_holder] -->      <\/p>\n<h2>Mesto gde dan po\u010dinje osmehom<\/h2>\n<p><!-- [et_pb_line_break_holder] --><!-- [et_pb_line_break_holder] -->      <pee><!-- [et_pb_line_break_holder] -->        Bianco je kafi\u0107 stvoren za sve koji vole kvalitetnu kafu,<!-- [et_pb_line_break_holder] -->        prijatnu atmosferu i trenutke za u\u017eivanje. Bilo da dolazite<!-- [et_pb_line_break_holder] -->        na jutarnju kafu, osve\u017eenje tokom dana ili ve\u010dernje dru\u017eenje,<!-- [et_pb_line_break_holder] -->        kod nas ste uvek dobrodo\u0161li.<!-- [et_pb_line_break_holder] -->      <\/pee><!-- [et_pb_line_break_holder] --><!-- [et_pb_line_break_holder] -->      <\/p>\n<div class=\"about-signature\">Va\u0161 Bianco tim<\/div>\n<p><!-- [et_pb_line_break_holder] --><!-- [et_pb_line_break_holder] -->      <a href=\"#\" class=\"about-btn\">SAZNAJ VI\u0160E<\/a><!-- [et_pb_line_break_holder] -->    <\/div>\n<p><!-- [et_pb_line_break_holder] --><!-- [et_pb_line_break_holder] -->  <\/div>\n<p><!-- [et_pb_line_break_holder] --><!-- [et_pb_line_break_holder] --><\/div>\n<p><!-- [et_pb_line_break_holder] --><!-- [et_pb_line_break_holder] --><!-- POPUP --><!-- [et_pb_line_break_holder] --><\/p>\n<div class=\"bianco-popup\" id=\"biancoPopup2\"><!-- [et_pb_line_break_holder] -->  <\/p>\n<div class=\"popup-box\"><!-- [et_pb_line_break_holder] --><!-- [et_pb_line_break_holder] -->    <span class=\"popup-close popup-close-2\">\u00d7<\/span><!-- [et_pb_line_break_holder] --><!-- [et_pb_line_break_holder] -->    <\/p>\n<div class=\"popup-slider\"><!-- [et_pb_line_break_holder] -->      <button class=\"nav prev\" id=\"prevBtn2\">\u276e<\/button><!-- [et_pb_line_break_holder] -->      <img decoding=\"async\" id=\"popupImage2\" src=\"\"><!-- [et_pb_line_break_holder] -->      <button class=\"nav next\" id=\"nextBtn2\">\u276f<\/button><!-- [et_pb_line_break_holder] -->    <\/div>\n<p><!-- [et_pb_line_break_holder] --><!-- [et_pb_line_break_holder] -->  <\/div>\n<p><!-- [et_pb_line_break_holder] --><\/div>\n<p>[\/et_pb_fullwidth_code][\/et_pb_section][et_pb_section fb_built=&#8221;1&#8243; fullwidth=&#8221;on&#8221; _builder_version=&#8221;4.27.4&#8243; _module_preset=&#8221;default&#8221; border_width_bottom=&#8221;1px&#8221; border_color_bottom=&#8221;#c59a5c&#8221; global_colors_info=&#8221;{}&#8221;][et_pb_fullwidth_code _builder_version=&#8221;4.27.4&#8243; _module_preset=&#8221;default&#8221; hover_enabled=&#8221;0&#8243; global_colors_info=&#8221;{}&#8221; sticky_enabled=&#8221;0&#8243;]<\/p>\n<div class=\"bianco-gallery-wrap\"><!-- [et_pb_line_break_holder] --><!-- [et_pb_line_break_holder] -->  <\/p>\n<div class=\"bianco-gallery-title\">\n<h2><!-- [et_pb_line_break_holder] -->    Galerija<!-- [et_pb_line_break_holder] -->    <\/h2>\n<\/div>\n<p><!-- [et_pb_line_break_holder] --><!-- [et_pb_line_break_holder] -->  <\/p>\n<div class=\"bianco-gallery\"><!-- [et_pb_line_break_holder] --><!-- [et_pb_line_break_holder] -->    <!-- 1 --><!-- [et_pb_line_break_holder] -->    <\/p>\n<div class=\"gallery-item\" data-gallery=\"\/wp-content\/uploads\/kafa1.jpg|\/wp-content\/uploads\/kafa2.jpg|\/wp-content\/uploads\/kafa3.jpg\"><!-- [et_pb_line_break_holder] -->      <img decoding=\"async\" src=\"https:\/\/bianco.rs\/wp-content\/uploads\/2026\/04\/pivo1.jpg\" alt=\"\"><!-- [et_pb_line_break_holder] -->    <\/div>\n<p><!-- [et_pb_line_break_holder] --><!-- [et_pb_line_break_holder] -->    <!-- 2 --><!-- [et_pb_line_break_holder] -->    <\/p>\n<div class=\"gallery-item\" data-gallery=\"\/wp-content\/uploads\/pice1.jpg|\/wp-content\/uploads\/pice2.jpg|\/wp-content\/uploads\/pice3.jpg\"><!-- [et_pb_line_break_holder] -->      <img decoding=\"async\" src=\"\/wp-content\/uploads\/pice-featured.jpg\" alt=\"\"><!-- [et_pb_line_break_holder] -->    <\/div>\n<p><!-- [et_pb_line_break_holder] --><!-- [et_pb_line_break_holder] -->    <!-- 3 --><!-- [et_pb_line_break_holder] -->    <\/p>\n<div class=\"gallery-item\" data-gallery=\"\/wp-content\/uploads\/enterijer1.jpg|\/wp-content\/uploads\/enterijer2.jpg\"><!-- [et_pb_line_break_holder] -->      <img decoding=\"async\" src=\"\/wp-content\/uploads\/enterijer-featured.jpg\" alt=\"\"><!-- [et_pb_line_break_holder] -->    <\/div>\n<p><!-- [et_pb_line_break_holder] --><!-- [et_pb_line_break_holder] -->    <!-- 4 --><!-- [et_pb_line_break_holder] -->    <\/p>\n<div class=\"gallery-item\" data-gallery=\"\/wp-content\/uploads\/lokal1.jpg|\/wp-content\/uploads\/lokal2.jpg|\/wp-content\/uploads\/lokal3.jpg\"><!-- [et_pb_line_break_holder] -->      <img decoding=\"async\" src=\"\/wp-content\/uploads\/lokal-featured.jpg\" alt=\"\"><!-- [et_pb_line_break_holder] -->    <\/div>\n<p><!-- [et_pb_line_break_holder] --><!-- [et_pb_line_break_holder] -->    <!-- 5 --><!-- [et_pb_line_break_holder] -->    <\/p>\n<div class=\"gallery-item\" data-gallery=\"\/wp-content\/uploads\/kolac1.jpg|\/wp-content\/uploads\/kolac2.jpg|\/wp-content\/uploads\/kolac3.jpg|\/wp-content\/uploads\/kolac4.jpg\"><!-- [et_pb_line_break_holder] -->      <img decoding=\"async\" src=\"\/wp-content\/uploads\/kolac-featured.jpg\" alt=\"\"><!-- [et_pb_line_break_holder] -->    <\/div>\n<p><!-- [et_pb_line_break_holder] --><!-- [et_pb_line_break_holder] -->  <\/div>\n<p><!-- [et_pb_line_break_holder] --><!-- [et_pb_line_break_holder] --><\/div>\n<p><!-- [et_pb_line_break_holder] --><!-- [et_pb_line_break_holder] --><!-- POPUP --><!-- [et_pb_line_break_holder] --><\/p>\n<div class=\"bianco-popup\" id=\"galleryPopup\"><!-- [et_pb_line_break_holder] -->  <\/p>\n<div class=\"popup-box\"><!-- [et_pb_line_break_holder] --><!-- [et_pb_line_break_holder] -->    <span class=\"popup-close\" id=\"popupClose\">\u00d7<\/span><!-- [et_pb_line_break_holder] --><!-- [et_pb_line_break_holder] -->    <\/p>\n<div class=\"popup-slider\"><!-- [et_pb_line_break_holder] -->      <button class=\"nav prev\" id=\"prevBtn\">\u276e<\/button><!-- [et_pb_line_break_holder] -->      <img decoding=\"async\" id=\"popupImage\" src=\"\"><!-- [et_pb_line_break_holder] -->      <button class=\"nav next\" id=\"nextBtn\">\u276f<\/button><!-- [et_pb_line_break_holder] -->    <\/div>\n<p><!-- [et_pb_line_break_holder] --><!-- [et_pb_line_break_holder] -->  <\/div>\n<p><!-- [et_pb_line_break_holder] --><\/div>\n<p>[\/et_pb_fullwidth_code][\/et_pb_section][et_pb_section fb_built=&#8221;1&#8243; fullwidth=&#8221;on&#8221; _builder_version=&#8221;4.27.4&#8243; _module_preset=&#8221;default&#8221; global_colors_info=&#8221;{}&#8221;][et_pb_fullwidth_code _builder_version=&#8221;4.27.4&#8243; _module_preset=&#8221;default&#8221; global_colors_info=&#8221;{}&#8221;]<\/p>\n<div class=\"bianco-footer\"><!-- [et_pb_line_break_holder] -->  <\/p>\n<div class=\"bianco-footer-inner\"><!-- [et_pb_line_break_holder] --><!-- [et_pb_line_break_holder] -->    <\/p>\n<div class=\"bianco-footer-top\"><!-- [et_pb_line_break_holder] -->      <\/p>\n<div class=\"bianco-footer-logo\"><!-- [et_pb_line_break_holder] -->        <img decoding=\"async\" src=\"https:\/\/bianco.rs\/wp-content\/uploads\/2026\/04\/biancoLogo-removebg-preview-1.png\" alt=\"Bianco logo\"><!-- [et_pb_line_break_holder] -->      <\/div>\n<p><!-- [et_pb_line_break_holder] --><!-- [et_pb_line_break_holder] -->      <\/p>\n<div class=\"footer-info-item\"><!-- [et_pb_line_break_holder] -->        <i class=\"fas fa-map-marker-alt\"><\/i><!-- [et_pb_line_break_holder] -->        <span>Njego\u0161eva 1a, Pan\u010devo<\/span><!-- [et_pb_line_break_holder] -->      <\/div>\n<p><!-- [et_pb_line_break_holder] --><!-- [et_pb_line_break_holder] -->      <\/p>\n<div class=\"footer-info-item\"><!-- [et_pb_line_break_holder] -->        <i class=\"fas fa-map-marker-alt\"><\/i><!-- [et_pb_line_break_holder] -->        <span>Druga lokacija, Pan\u010devo<\/span><!-- [et_pb_line_break_holder] -->      <\/div>\n<p><!-- [et_pb_line_break_holder] --><!-- [et_pb_line_break_holder] -->      <\/p>\n<div class=\"footer-info-item\"><!-- [et_pb_line_break_holder] -->        <i class=\"fas fa-phone-alt\"><\/i><!-- [et_pb_line_break_holder] -->        <span>+381 60 123 45 67<\/span><!-- [et_pb_line_break_holder] -->      <\/div>\n<p><!-- [et_pb_line_break_holder] --><!-- [et_pb_line_break_holder] -->      <\/p>\n<div class=\"footer-info-item\"><!-- [et_pb_line_break_holder] -->        <i class=\"fas fa-envelope\"><\/i><!-- [et_pb_line_break_holder] -->        <span>info@bianco.rs<\/span><!-- [et_pb_line_break_holder] -->      <\/div>\n<p><!-- [et_pb_line_break_holder] --><!-- [et_pb_line_break_holder] -->      <\/p>\n<div class=\"bianco-footer-socials\"><!-- [et_pb_line_break_holder] -->        <a href=\"#\" aria-label=\"Instagram\"><i class=\"fab fa-instagram\"><\/i><\/a><!-- [et_pb_line_break_holder] -->        <a href=\"#\" aria-label=\"Facebook\"><i class=\"fab fa-facebook-f\"><\/i><\/a><!-- [et_pb_line_break_holder] -->      <\/div>\n<p><!-- [et_pb_line_break_holder] -->    <\/div>\n<p><!-- [et_pb_line_break_holder] --><!-- [et_pb_line_break_holder] -->    <\/p>\n<div class=\"bianco-footer-bottom\"><!-- [et_pb_line_break_holder] -->      <span class=\"footer-hours-label\">Radno vreme:<\/span><!-- [et_pb_line_break_holder] -->      <span class=\"footer-hours-text\">Ponedeljak &#8211; Nedelja: 07:00 &#8211; 23:00<\/span><!-- [et_pb_line_break_holder] -->    <\/div>\n<p><!-- [et_pb_line_break_holder] --><!-- [et_pb_line_break_holder] -->  <\/div>\n<p><!-- [et_pb_line_break_holder] --><\/div>\n<p>[\/et_pb_fullwidth_code][\/et_pb_section]<\/p>\n","protected":false},"excerpt":{"rendered":"","protected":false},"author":1,"featured_media":0,"parent":0,"menu_order":0,"comment_status":"closed","ping_status":"closed","template":"","meta":{"_et_pb_use_builder":"on","_et_pb_old_content":"","_et_gb_content_width":"","footnotes":""},"class_list":["post-71","page","type-page","status-publish","hentry"],"_links":{"self":[{"href":"https:\/\/bianco.rs\/index.php\/wp-json\/wp\/v2\/pages\/71","targetHints":{"allow":["GET"]}}],"collection":[{"href":"https:\/\/bianco.rs\/index.php\/wp-json\/wp\/v2\/pages"}],"about":[{"href":"https:\/\/bianco.rs\/index.php\/wp-json\/wp\/v2\/types\/page"}],"author":[{"embeddable":true,"href":"https:\/\/bianco.rs\/index.php\/wp-json\/wp\/v2\/users\/1"}],"replies":[{"embeddable":true,"href":"https:\/\/bianco.rs\/index.php\/wp-json\/wp\/v2\/comments?post=71"}],"version-history":[{"count":12,"href":"https:\/\/bianco.rs\/index.php\/wp-json\/wp\/v2\/pages\/71\/revisions"}],"predecessor-version":[{"id":193,"href":"https:\/\/bianco.rs\/index.php\/wp-json\/wp\/v2\/pages\/71\/revisions\/193"}],"wp:attachment":[{"href":"https:\/\/bianco.rs\/index.php\/wp-json\/wp\/v2\/media?parent=71"}],"curies":[{"name":"wp","href":"https:\/\/api.w.org\/{rel}","templated":true}]}}