{"id":180,"date":"2026-04-07T17:48:38","date_gmt":"2026-04-07T17:48:38","guid":{"rendered":"https:\/\/bianco.rs\/?page_id=180"},"modified":"2026-05-04T11:04:26","modified_gmt":"2026-05-04T11:04:26","slug":"bianco-1","status":"publish","type":"page","link":"https:\/\/bianco.rs\/index.php\/bianco-1\/","title":{"rendered":"Bianco 1"},"content":{"rendered":"<p>[et_pb_section fb_built=&#8221;1&#8243; fullwidth=&#8221;on&#8221; _builder_version=&#8221;4.27.4&#8243; _module_preset=&#8221;default&#8221; global_colors_info=&#8221;{}&#8221;][et_pb_fullwidth_code _builder_version=&#8221;4.27.4&#8243; _module_preset=&#8221;default&#8221; global_colors_info=&#8221;{}&#8221;]<\/p>\n<section class=\"store-section\"><!-- [et_pb_line_break_holder] -->  <\/p>\n<div class=\"store-left\"><!-- [et_pb_line_break_holder] -->    <img decoding=\"async\" src=\"https:\/\/bianco.rs\/wp-content\/uploads\/2026\/04\/NASLOVNA-BIANCO-1-scaled.jpg\" alt=\"Lokacija objekta\"><!-- [et_pb_line_break_holder] -->  <\/div>\n<p><!-- [et_pb_line_break_holder] --><!-- [et_pb_line_break_holder] -->  <\/p>\n<div class=\"store-right\" style=\"background-color: #f3eee7;\"><!-- [et_pb_line_break_holder] -->    <\/p>\n<div class=\"store-content\"><!-- [et_pb_line_break_holder] -->      <\/p>\n<div class=\"store-breadcrumb\"><!-- [et_pb_line_break_holder] -->        Po\u010detna \/ Bianco 1<!-- [et_pb_line_break_holder] -->      <\/div>\n<p><!-- [et_pb_line_break_holder] --><!-- [et_pb_line_break_holder] -->      <\/p>\n<h1>Bianco &#8211; centar <\/h1>\n<p><!-- [et_pb_line_break_holder] --><!-- [et_pb_line_break_holder] -->      <\/p>\n<div class=\"store-info\"><!-- [et_pb_line_break_holder] -->        <pee><a href=\"#\">Njego\u0161eva 1a, Pan\u010devo<\/a><\/pee><!-- [et_pb_line_break_holder] -->        <pee><a href=\"tel:+330140159965\">013 355 553<\/a><\/pee><!-- [et_pb_line_break_holder] -->        <pee><a href=\"mailto:info@bianco.rs\">info@bianco.rs<\/a><\/pee><!-- [et_pb_line_break_holder] -->      <\/div>\n<p><!-- [et_pb_line_break_holder] --><!-- [et_pb_line_break_holder] -->      <a href=\"https:\/\/scanmenu.wwmultimedia.net\/Bianco%2001\" target=\"_blank\" class=\"store-button\">POGLEDAJ MENI<\/a><!-- [et_pb_line_break_holder] -->    <!-- [et_pb_line_break_holder] -->      <\/p>\n<div class=\"store-hours\"><!-- [et_pb_line_break_holder] -->        <\/p>\n<div class=\"hours-row\"><!-- [et_pb_line_break_holder] -->          <span>Ponedeljak<\/span><!-- [et_pb_line_break_holder] -->          <span>07:30 &#8211; 23:00<\/span><!-- [et_pb_line_break_holder] -->        <\/div>\n<p><!-- [et_pb_line_break_holder] -->        <\/p>\n<div class=\"hours-row\"><!-- [et_pb_line_break_holder] -->          <span>Utorak<\/span><!-- [et_pb_line_break_holder] -->          <span>07:30 &#8211; 23:00<\/span><!-- [et_pb_line_break_holder] -->        <\/div>\n<p><!-- [et_pb_line_break_holder] -->        <\/p>\n<div class=\"hours-row\"><!-- [et_pb_line_break_holder] -->          <span>Sreda<\/span><!-- [et_pb_line_break_holder] -->          <span>07:30 &#8211; 23:00<\/span><!-- [et_pb_line_break_holder] -->        <\/div>\n<p><!-- [et_pb_line_break_holder] -->        <\/p>\n<div class=\"hours-row\"><!-- [et_pb_line_break_holder] -->          <span>\u010cetvrtak<\/span><!-- [et_pb_line_break_holder] -->          <span>07:30 &#8211; 23:00<\/span><!-- [et_pb_line_break_holder] -->        <\/div>\n<p><!-- [et_pb_line_break_holder] -->        <\/p>\n<div class=\"hours-row\"><!-- [et_pb_line_break_holder] -->          <span>Petak<\/span><!-- [et_pb_line_break_holder] -->          <span>07:30 &#8211; 24:00<\/span><!-- [et_pb_line_break_holder] -->        <\/div>\n<p><!-- [et_pb_line_break_holder] -->        <\/p>\n<div class=\"hours-row\"><!-- [et_pb_line_break_holder] -->          <span>Subota<\/span><!-- [et_pb_line_break_holder] -->          <span>09:00 &#8211; 24:00<\/span><!-- [et_pb_line_break_holder] -->        <\/div>\n<p><!-- [et_pb_line_break_holder] -->        <\/p>\n<div class=\"hours-row\"><!-- [et_pb_line_break_holder] -->          <span>Nedelja<\/span><!-- [et_pb_line_break_holder] -->          <span>09:00 &#8211; 23:30<\/span><!-- [et_pb_line_break_holder] -->        <\/div>\n<p><!-- [et_pb_line_break_holder] -->        <a href=\"https:\/\/www.instagram.com\/_bianco_01\/\" target=\"_blank\" class=\"store-button\" style=\"margin-top: 35px;\">INSTAGRAM PROFIL<\/a><!-- [et_pb_line_break_holder] --><!-- [et_pb_line_break_holder] -->      <\/div>\n<p><!-- [et_pb_line_break_holder] -->    <\/div>\n<p><!-- [et_pb_line_break_holder] -->  <\/div>\n<p><!-- [et_pb_line_break_holder] --><\/section>\n<p>[\/et_pb_fullwidth_code][\/et_pb_section][et_pb_section fb_built=&#8221;1&#8243; fullwidth=&#8221;on&#8221; _builder_version=&#8221;4.27.4&#8243; _module_preset=&#8221;default&#8221; global_colors_info=&#8221;{}&#8221;][et_pb_fullwidth_code _builder_version=&#8221;4.27.4&#8243; _module_preset=&#8221;default&#8221; hover_enabled=&#8221;0&#8243; global_colors_info=&#8221;{}&#8221; sticky_enabled=&#8221;0&#8243;]<\/p>\n<div class=\"bianco-footer\"><!-- [et_pb_line_break_holder] -->  <\/p>\n<div class=\"bianco-footer-inner\"><!-- [et_pb_line_break_holder] --><!-- [et_pb_line_break_holder] -->    <\/p>\n<div class=\"bianco-footer-top\"><!-- [et_pb_line_break_holder] -->      <\/p>\n<div class=\"bianco-footer-logo\"><!-- [et_pb_line_break_holder] -->        <img decoding=\"async\" src=\"https:\/\/bianco.rs\/wp-content\/uploads\/2026\/04\/biancoLogo-removebg-preview-1.png\" alt=\"Bianco logo\"><!-- [et_pb_line_break_holder] -->      <\/div>\n<p><!-- [et_pb_line_break_holder] --><!-- [et_pb_line_break_holder] -->      <\/p>\n<div class=\"footer-info-item\"><!-- [et_pb_line_break_holder] -->        <i class=\"fas fa-map-marker-alt\"><\/i><!-- [et_pb_line_break_holder] -->        <span>Njego\u0161eva 1a, Pan\u010devo<\/span><!-- [et_pb_line_break_holder] -->      <\/div>\n<p><!-- [et_pb_line_break_holder] --><!-- [et_pb_line_break_holder] -->      <\/p>\n<div class=\"footer-info-item\"><!-- [et_pb_line_break_holder] -->        <i class=\"fas fa-map-marker-alt\"><\/i><!-- [et_pb_line_break_holder] -->        <span>Milo\u0161a Obrenovi\u0107a 12, Pan\u010devo<\/span><!-- [et_pb_line_break_holder] -->      <\/div>\n<p><!-- [et_pb_line_break_holder] --><!-- [et_pb_line_break_holder] -->      <\/p>\n<div class=\"footer-info-item\"><!-- [et_pb_line_break_holder] -->        <i class=\"fas fa-phone-alt\"><\/i><!-- [et_pb_line_break_holder] -->        <span>+381 60 10 800 80<\/span><!-- [et_pb_line_break_holder] -->      <\/div>\n<p><!-- [et_pb_line_break_holder] --><!-- [et_pb_line_break_holder] -->      <\/p>\n<div class=\"footer-info-item\"><!-- [et_pb_line_break_holder] -->        <i class=\"fas fa-envelope\"><\/i><!-- [et_pb_line_break_holder] -->        <span>info@bianco.rs<\/span><!-- [et_pb_line_break_holder] -->      <\/div>\n<p><!-- [et_pb_line_break_holder] --><!-- [et_pb_line_break_holder] -->      <\/p>\n<div class=\"bianco-footer-socials\"><!-- [et_pb_line_break_holder] -->        <a href=\"https:\/\/www.instagram.com\/_bianco_02\/\" aria-label=\"Instagram\"><i class=\"fab fa-instagram\"><\/i><\/a><!-- [et_pb_line_break_holder] -->        <a href=\"#\" aria-label=\"Facebook\"><i class=\"fab fa-facebook-f\"><\/i><\/a><!-- [et_pb_line_break_holder] -->      <\/div>\n<p><!-- [et_pb_line_break_holder] -->    <\/div>\n<p><!-- [et_pb_line_break_holder] --><!-- [et_pb_line_break_holder] -->    <\/p>\n<div class=\"bianco-footer-bottom\"><!-- [et_pb_line_break_holder] -->      <span class=\"footer-hours-label\">Sva prava zadr\u017eava kafi\u0107<\/span><!-- [et_pb_line_break_holder] -->      <span class=\"footer-hours-text\">Bianco Pan\u010devo<\/span><!-- [et_pb_line_break_holder] -->    <\/div>\n<p><!-- [et_pb_line_break_holder] --><!-- [et_pb_line_break_holder] -->  <\/div>\n<p><!-- [et_pb_line_break_holder] --><\/div>\n<p>[\/et_pb_fullwidth_code][\/et_pb_section]<\/p>\n","protected":false},"excerpt":{"rendered":"","protected":false},"author":1,"featured_media":0,"parent":0,"menu_order":0,"comment_status":"closed","ping_status":"closed","template":"","meta":{"_et_pb_use_builder":"on","_et_pb_old_content":"<!-- wp:divi\/placeholder \/-->","_et_gb_content_width":"","footnotes":""},"class_list":["post-180","page","type-page","status-publish","hentry"],"_links":{"self":[{"href":"https:\/\/bianco.rs\/index.php\/wp-json\/wp\/v2\/pages\/180","targetHints":{"allow":["GET"]}}],"collection":[{"href":"https:\/\/bianco.rs\/index.php\/wp-json\/wp\/v2\/pages"}],"about":[{"href":"https:\/\/bianco.rs\/index.php\/wp-json\/wp\/v2\/types\/page"}],"author":[{"embeddable":true,"href":"https:\/\/bianco.rs\/index.php\/wp-json\/wp\/v2\/users\/1"}],"replies":[{"embeddable":true,"href":"https:\/\/bianco.rs\/index.php\/wp-json\/wp\/v2\/comments?post=180"}],"version-history":[{"count":9,"href":"https:\/\/bianco.rs\/index.php\/wp-json\/wp\/v2\/pages\/180\/revisions"}],"predecessor-version":[{"id":330,"href":"https:\/\/bianco.rs\/index.php\/wp-json\/wp\/v2\/pages\/180\/revisions\/330"}],"wp:attachment":[{"href":"https:\/\/bianco.rs\/index.php\/wp-json\/wp\/v2\/media?parent=180"}],"curies":[{"name":"wp","href":"https:\/\/api.w.org\/{rel}","templated":true}]}}